{"id":2,"date":"2024-07-24T15:33:08","date_gmt":"2024-07-24T13:33:08","guid":{"rendered":"http:\/\/tarracoiuris.com\/?page_id=2"},"modified":"2024-10-30T09:08:24","modified_gmt":"2024-10-30T08:08:24","slug":"pagina-ejemplo","status":"publish","type":"page","link":"https:\/\/tarracoiuris.com\/es\/","title":{"rendered":"Inicio"},"content":{"rendered":"\n<style type=\"text\/css\" data-created_by=\"avia_inline_auto\" id=\"style-css-av-lyzx60go-8f139000c11c6c8bd7494d0ed9a495e7\">\n.avia-section.av-lyzx60go-8f139000c11c6c8bd7494d0ed9a495e7{\nbackground-repeat:no-repeat;\nbackground-image:url(https:\/\/tarracoiuris.com\/wp-content\/uploads\/2024\/07\/palacio-nacional-de-mafra-5118010_1920-1500x630.jpg);\nbackground-position:0% 0%;\nbackground-attachment:scroll;\n}\n.avia-section.av-lyzx60go-8f139000c11c6c8bd7494d0ed9a495e7 .av-section-color-overlay{\nopacity:0.6;\nbackground-color:#000000;\n}\n<\/style>\n<div id='av_section_1'  class='avia-section av-lyzx60go-8f139000c11c6c8bd7494d0ed9a495e7 main_color avia-section-large avia-no-border-styling  avia-builder-el-0  el_before_av_submenu  avia-builder-el-first  avia-bg-style-scroll av-section-color-overlay-active av-minimum-height av-minimum-height-25 av-height-25  container_wrap fullsize'  data-section-bg-repeat='no-repeat' data-av_minimum_height_pc='25' data-av_min_height_opt='25'><div class=\"av-section-color-overlay-wrap\"><div class=\"av-section-color-overlay\"><\/div><div class='container av-section-cont-open' ><main  role=\"main\" itemprop=\"mainContentOfPage\"  class='template-page content  av-content-full alpha units'><div class='post-entry post-entry-type-page post-entry-2'><div class='entry-content-wrapper clearfix'>\n<\/div><\/div><\/main><!-- close content main element --><\/div><\/div><\/div><div class='clear'><\/div><div id='sub_menu1'  class='av-submenu-container av-lz2iodf6-5f357a8b1dfd901c483a4b743c68891f footer_color  avia-builder-el-1  el_after_av_section  el_before_av_three_fifth  av-sticky-submenu submenu-not-first container_wrap fullsize' style='z-index:301' ><div class='container av-menu-mobile-disabled av-submenu-pos-right'><ul id='av-custom-submenu-1' class='av-subnav-menu' role='menu'>\n<li class='menu-item av-lz2ilpm2-758b46a51a45c8bb0f986bf8d1557112 menu-item-top-level menu-item-top-level-1' role='menuitem'><a href='\/es\/'  ><span class='avia-bullet'><\/span><span class='avia-menu-text'>Castellano<\/span><\/a><\/li>\n<li class='menu-item av-lz2imtow-2a584d33c902fa1a9b3eba41bc032df3 menu-item-top-level menu-item-top-level-2' role='menuitem'><a href='\/ca\/'  ><span class='avia-bullet'><\/span><span class='avia-menu-text'>Catal\u00e0<\/span><\/a><\/li>\n<li class='menu-item av-lz2inan0-0d3679aca14325bd20ae50c290beda8d menu-item-top-level menu-item-top-level-3' role='menuitem'><a href='\/en\/'  ><span class='avia-bullet'><\/span><span class='avia-menu-text'>English<\/span><\/a><\/li>\n<li class='menu-item av-lz2injth-b80728e4eb77e38649f8d7e6b2d2da01 menu-item-top-level menu-item-top-level-4' role='menuitem'><a href='\/de\/'  ><span class='avia-bullet'><\/span><span class='avia-menu-text'>Deutsch<\/span><\/a><\/li>\n<li class='menu-item av-lz2io039-18874ca14d4badf85d3f5d2238ed884b menu-item-top-level menu-item-top-level-5' role='menuitem'><a href='\/ru\/'  ><span class='avia-bullet'><\/span><span class='avia-menu-text'>P\u0443\u0441c\u043a\u0438\u0439<\/span><\/a><\/li>\n<li class='menu-item av-lz2ioc9o-a8cd1ef5e53d2f7885209aead14f08f8 menu-item-top-level menu-item-top-level-6' role='menuitem'><a href='\/fr\/'  ><span class='avia-bullet'><\/span><span class='avia-menu-text'>Fran\u00e7ais<\/span><\/a><\/li>\n<\/ul><\/div><\/div><div class='sticky_placeholder'><\/div><div id='after_submenu_1'  class='main_color av_default_container_wrap container_wrap fullsize'  ><div class='container av-section-cont-open' ><div class='template-page content  av-content-full alpha units'><div class='post-entry post-entry-type-page post-entry-2'><div class='entry-content-wrapper clearfix'>\n<div  class='flex_column av-8ad6-2c18ffb0ffefffe6210f0229707e2a66 av_three_fifth  avia-builder-el-2  el_after_av_submenu  el_before_av_two_fifth  avia-builder-el-first  first flex_column_div  '     ><p>\n<style type=\"text\/css\" data-created_by=\"avia_inline_auto\" id=\"style-css-av-lyzwm6ke-45dcf5295a099c9d85aeae380e986666\">\n#top .av-special-heading.av-lyzwm6ke-45dcf5295a099c9d85aeae380e986666{\npadding-bottom:10px;\n}\nbody .av-special-heading.av-lyzwm6ke-45dcf5295a099c9d85aeae380e986666 .av-special-heading-tag .heading-char{\nfont-size:25px;\n}\n.av-special-heading.av-lyzwm6ke-45dcf5295a099c9d85aeae380e986666 .av-subheading{\nfont-size:15px;\n}\n<\/style>\n<div  class='av-special-heading av-lyzwm6ke-45dcf5295a099c9d85aeae380e986666 av-special-heading-h1 blockquote modern-quote  avia-builder-el-3  el_before_av_textblock  avia-builder-el-first '><h1 class='av-special-heading-tag '  itemprop=\"headline\"  >Tarraco Iuris Abogados<\/h1><div class=\"special-heading-border\"><div class=\"special-heading-inner-border\"><\/div><\/div><\/div><br \/>\n\n<style type=\"text\/css\" data-created_by=\"avia_inline_auto\" id=\"style-css-av-lyzwmenf-9d6f67b626de6940b199737915523c8a\">\n#top .av_textblock_section.av-lyzwmenf-9d6f67b626de6940b199737915523c8a .avia_textblock{\ntext-align:justify;\n}\n<\/style>\n<section  class='av_textblock_section av-lyzwmenf-9d6f67b626de6940b199737915523c8a '   itemscope=\"itemscope\" itemtype=\"https:\/\/schema.org\/CreativeWork\" ><div class='avia_textblock'  itemprop=\"text\" ><p style=\"font-size: 1.1rem; line-height: 1.4; text-align: justify;\">Despacho internacional de abogados fundado en 1994 por Carlos Prieto Cid.<\/p>\n<p style=\"font-size: 1.1rem;\">Especialistas en contratos civiles, asesor\u00eda fiscal y gesti\u00f3n internacional de patrimonios.<\/p>\n<p style=\"font-size: 1.1rem;\">Servicios profesionales de calidad homologada.<\/p>\n<p style=\"font-size: 1.1rem;\">Amplia cobertura territorial en todo el continente europeo.<\/p>\n<p style=\"font-size: 1.1rem;\">Servicio exclusivo de videoconferencia privada, en servidores propios con alcance global, para mantener conversaciones totalmente confidenciales.<\/p>\n<\/div><\/section><\/p><\/div>\n<div  class='flex_column av-5g0q-1c7280deebc222253fe971978ef34a9b av_two_fifth  avia-builder-el-5  el_after_av_three_fifth  el_before_av_hr  flex_column_div  '     ><style type=\"text\/css\" data-created_by=\"avia_inline_auto\" id=\"style-css-av-lyzwlbxt-054a43f9de6052056169de876cbaf608\">\n.avia-image-container.av-lyzwlbxt-054a43f9de6052056169de876cbaf608 img.avia_image{\nbox-shadow:none;\n}\n.avia-image-container.av-lyzwlbxt-054a43f9de6052056169de876cbaf608 .av-image-caption-overlay-center{\ncolor:#ffffff;\n}\n<\/style>\n<div  class='avia-image-container av-lyzwlbxt-054a43f9de6052056169de876cbaf608 av-styling- avia-align-center  avia-builder-el-6  avia-builder-el-no-sibling '   itemprop=\"image\" itemscope=\"itemscope\" itemtype=\"https:\/\/schema.org\/ImageObject\" ><div class=\"avia-image-container-inner\"><div class=\"avia-image-overlay-wrap\"><img decoding=\"async\" fetchpriority=\"high\" class='wp-image-16 avia-img-lazy-loading-not-16 avia_image ' src=\"https:\/\/tarracoiuris.com\/wp-content\/uploads\/2024\/07\/foto-portada.jpg\" alt='' title='foto-portada'  height=\"331\" width=\"347\"  itemprop=\"thumbnailUrl\" srcset=\"https:\/\/tarracoiuris.com\/wp-content\/uploads\/2024\/07\/foto-portada.jpg 347w, https:\/\/tarracoiuris.com\/wp-content\/uploads\/2024\/07\/foto-portada-300x286.jpg 300w\" sizes=\"(max-width: 347px) 100vw, 347px\" \/><\/div><\/div><\/div><\/div>\n\n<style type=\"text\/css\" data-created_by=\"avia_inline_auto\" id=\"style-css-av-lyzwzb98-b4c0f4175aecfc50b45c80b6095adaeb\">\n#top .hr.hr-invisible.av-lyzwzb98-b4c0f4175aecfc50b45c80b6095adaeb{\nheight:50px;\n}\n<\/style>\n<div  class='hr av-lyzwzb98-b4c0f4175aecfc50b45c80b6095adaeb hr-invisible  avia-builder-el-7  el_after_av_two_fifth  el_before_av_one_full '><span class='hr-inner '><span class=\"hr-inner-style\"><\/span><\/span><\/div>\n<div  class='flex_column av-lsee-086b07b67a05eb15c516392689f0aa4c av_one_full  avia-builder-el-8  el_after_av_hr  el_before_av_hr  first flex_column_div  '     ><div  class='avia-button-wrap av-lyzwxjnt-ae58acc6f4f0e2dddeddf052afd6e9ec-wrap avia_animated_button av-animated-when-visible-95 fade-in avia-button-center  avia-builder-el-9  avia-builder-el-no-sibling '>\n<style type=\"text\/css\" data-created_by=\"avia_inline_auto\" id=\"style-css-av-lyzwxjnt-ae58acc6f4f0e2dddeddf052afd6e9ec\">\n#top #wrap_all .avia-button.av-lyzwxjnt-ae58acc6f4f0e2dddeddf052afd6e9ec{\nfont-size:25px;\ntransition:all 0.4s ease-in-out;\n}\n<\/style>\n<a href='https:\/\/tarracoiuris.com\/es\/contactar\/'  class='avia-button av-lyzwxjnt-ae58acc6f4f0e2dddeddf052afd6e9ec av-link-btn avia-icon_select-no avia-size-x-large avia-position-center avia-color-theme-color'   aria-label=\"SOLICITAR M\u00c1S INFORMACI\u00d3N SIN COMPROMISO\"><span class='avia_iconbox_title' >SOLICITAR M\u00c1S INFORMACI\u00d3N SIN COMPROMISO<\/span><\/a><\/div><\/div>\n\n<style type=\"text\/css\" data-created_by=\"avia_inline_auto\" id=\"style-css-av-kaam-959f9ebac068c254483132d6be69587c\">\n#top .hr.hr-invisible.av-kaam-959f9ebac068c254483132d6be69587c{\nheight:50px;\n}\n<\/style>\n<div  class='hr av-kaam-959f9ebac068c254483132d6be69587c hr-invisible  avia-builder-el-10  el_after_av_one_full  el_before_av_one_half '><span class='hr-inner '><span class=\"hr-inner-style\"><\/span><\/span><\/div>\n<div  class='flex_column av-ieby-94c3e2f0024da54cbcd9fcfb05ac1042 av_one_half  avia-builder-el-11  el_after_av_hr  el_before_av_one_half  first flex_column_div  '     ><p>\n<style type=\"text\/css\" data-created_by=\"avia_inline_auto\" id=\"style-css-av-lyzxb8kq-f12de669a1e21366a8a0873004f52f69\">\n#top .av-special-heading.av-lyzxb8kq-f12de669a1e21366a8a0873004f52f69{\npadding-bottom:10px;\n}\nbody .av-special-heading.av-lyzxb8kq-f12de669a1e21366a8a0873004f52f69 .av-special-heading-tag .heading-char{\nfont-size:25px;\n}\n.av-special-heading.av-lyzxb8kq-f12de669a1e21366a8a0873004f52f69 .av-subheading{\nfont-size:15px;\n}\n<\/style>\n<div  class='av-special-heading av-lyzxb8kq-f12de669a1e21366a8a0873004f52f69 av-special-heading-h2 blockquote modern-quote  avia-builder-el-12  el_before_av_iconlist  avia-builder-el-first '><h2 class='av-special-heading-tag '  itemprop=\"headline\"  >Abogados<\/h2><div class=\"special-heading-border\"><div class=\"special-heading-inner-border\"><\/div><\/div><\/div><br \/>\n<div  class='avia-icon-list-container av-lyzxeazk-00cb06e2bdfb42712e175cfd78b9319f  avia-builder-el-13  el_after_av_heading  avia-builder-el-last '><ul class='avia-icon-list avia_animate_when_almost_visible avia-icon-list-left av-iconlist-big av-lyzxeazk-00cb06e2bdfb42712e175cfd78b9319f avia-iconlist-animate'>\n<li><div class='iconlist_icon av-lyzxdm0j-186fb88dc70db20d9502564a78a39269 avia-font-entypo-fontello'><span class='iconlist-char' aria-hidden='true' data-av_icon='\ue885' data-av_iconfont='entypo-fontello'><\/span><\/div><article class=\"article-icon-entry \"  itemscope=\"itemscope\" itemtype=\"https:\/\/schema.org\/CreativeWork\" ><div class=\"iconlist_content_wrap\"><header class=\"entry-content-header\"><h4 class='av_iconlist_title iconlist_title  '  itemprop=\"headline\" >Carlos Prieto Cid<\/h4><\/header><div class='iconlist_content '  itemprop=\"text\" ><p><span class=\"small-text\">Formado en las universidades de Barcelona, Heidelberg (D), Saarbr\u00fccken (D) y Friburgo (CH), con experiencia profesional en la banca y el comercio internacional<\/span><\/p>\n<\/div><\/div><footer class=\"entry-footer\"><\/footer><\/article><div class=\"iconlist-timeline\"><\/div><\/li>\n<\/ul><\/div><\/p><\/div>\n<div  class='flex_column av-gfec-fc39b6eede71b6fc678270a91916d5e3 av_one_half  avia-builder-el-14  el_after_av_one_half  el_before_av_hr  flex_column_div  '     ><style type=\"text\/css\" data-created_by=\"avia_inline_auto\" id=\"style-css-av-lyzxgp8b-9e5b02417d886e87e1c605f1b106ba7f\">\n.avia-video.av-lyzxgp8b-9e5b02417d886e87e1c605f1b106ba7f{\nbackground-image:url(https:\/\/tarracoiuris.com\/wp-content\/uploads\/dynamic_avia\/avia_video_thumbnails\/youtube\/n-mQ5WQ6Lyw\/n-mQ5WQ6Lyw-845x684.jpg);\n}\n<\/style>\n<div  class='avia-video av-lyzxgp8b-9e5b02417d886e87e1c605f1b106ba7f avia-video-16-9 av-html5-fullscreen-btn av-preview-image avia-video-load-always av-lazyload-immediate av-lazyload-video-embed'  itemprop=\"video\" itemtype=\"https:\/\/schema.org\/VideoObject\"  data-original_url='https:\/\/www.youtube.com\/watch?v=n-mQ5WQ6Lyw'><script type='text\/html' class='av-video-tmpl'><div class='avia-iframe-wrap'><iframe loading=\"lazy\" title=\"Tarraco Iuris - Abogados en Tarragona - Castellano\" width=\"1500\" height=\"844\" src=\"https:\/\/www.youtube.com\/embed\/n-mQ5WQ6Lyw?feature=oembed&autoplay=0&loop=0&controls=1&mute=0\" frameborder=\"0\" allow=\"accelerometer; autoplay; clipboard-write; encrypted-media; gyroscope; picture-in-picture; web-share\" referrerpolicy=\"strict-origin-when-cross-origin\" allowfullscreen><\/iframe><\/div><\/script><div class='av-click-to-play-overlay'><div class=\"avia_playpause_icon\"><\/div><\/div><\/div><\/div>\n\n<style type=\"text\/css\" data-created_by=\"avia_inline_auto\" id=\"style-css-av-dxw4-3ace93e71ae412a63489afb03ccd082d\">\n#top .hr.hr-invisible.av-dxw4-3ace93e71ae412a63489afb03ccd082d{\nheight:75px;\n}\n<\/style>\n<div  class='hr av-dxw4-3ace93e71ae412a63489afb03ccd082d hr-invisible  avia-builder-el-16  el_after_av_one_half  el_before_av_one_full '><span class='hr-inner '><span class=\"hr-inner-style\"><\/span><\/span><\/div>\n<div  class='flex_column av-45mg-2ce256218eba2908ebc6417d410f8238 av_one_full  avia-builder-el-17  el_after_av_hr  el_before_av_one_half  first flex_column_div  '     ><style type=\"text\/css\" data-created_by=\"avia_inline_auto\" id=\"style-css-av-lyzxht3s-1db46b786fbe41a469edea261da24564\">\n#top .av-special-heading.av-lyzxht3s-1db46b786fbe41a469edea261da24564{\npadding-bottom:10px;\n}\nbody .av-special-heading.av-lyzxht3s-1db46b786fbe41a469edea261da24564 .av-special-heading-tag .heading-char{\nfont-size:25px;\n}\n.av-special-heading.av-lyzxht3s-1db46b786fbe41a469edea261da24564 .av-subheading{\nfont-size:15px;\n}\n<\/style>\n<div  class='av-special-heading av-lyzxht3s-1db46b786fbe41a469edea261da24564 av-special-heading-h2 blockquote modern-quote  avia-builder-el-18  avia-builder-el-no-sibling '><h2 class='av-special-heading-tag '  itemprop=\"headline\"  >Nuestras soluciones jur\u00eddicas<\/h2><div class=\"special-heading-border\"><div class=\"special-heading-inner-border\"><\/div><\/div><\/div><\/div>\n<div  class='flex_column av-bffg-5efababbd987a305c438703a9f3c1813 av_one_half  avia-builder-el-19  el_after_av_one_full  el_before_av_one_half  first flex_column_div  column-top-margin'     ><div  class='av-catalogue-container av-912a-29c5832065bc030b4d043a5d57fd69ef  avia-builder-el-20  avia-builder-el-no-sibling '><ul class='av-catalogue-list'>\n<li><a href=\"\/wp-content\/uploads\/2024\/07\/Tarraco-Iuris-es-Servicios-globales-de-asesoramiento-al-propietario.pdf\"  class='av-catalogue-item av-6rmc-583dee50c9c515236c4b90c94a29c068' ><div class=\"av-catalogue-item-inner\"><div class=\"av-catalogue-title-container\"><div class='av-catalogue-title'>Asesoramiento al propietario<\/div><div class='av-catalogue-price'><\/div><\/div><div class=\"av-catalogue-content\"><\/div><\/div><\/a><\/li>\n<li><a href=\"\/wp-content\/uploads\/2024\/07\/Tarraco-Iuris-es-Compraventa-de-inmuebles.pdf\"  class='av-catalogue-item av-4tcm-d3fd0131f82a5eac722dcdf8874ae0bf' ><div class=\"av-catalogue-item-inner\"><div class=\"av-catalogue-title-container\"><div class='av-catalogue-title'>Compraventa de inmuebles<\/div><div class='av-catalogue-price'><\/div><\/div><div class=\"av-catalogue-content\"><\/div><\/div><\/a><\/li>\n<li><a href=\"\/wp-content\/uploads\/2024\/07\/Tarraco-Iuris-es-Adquisiciones-mortis-causa-herencias.pdf\"  class='av-catalogue-item av-42si-b9f6a2731ebdbf5bb34b8b365d780ae9' ><div class=\"av-catalogue-item-inner\"><div class=\"av-catalogue-title-container\"><div class='av-catalogue-title'>Adquisiciones Mortis Causa<\/div><div class='av-catalogue-price'><\/div><\/div><div class=\"av-catalogue-content\"><\/div><\/div><\/a><\/li>\n<li><a href=\"\/wp-content\/uploads\/2024\/07\/Tarraco-Iuris-es-Constitucion-de-empresa.pdf\"  class='av-catalogue-item av-lyzxr734-0b5851b94347ee8dc3218b39653c930a' ><div class=\"av-catalogue-item-inner\"><div class=\"av-catalogue-title-container\"><div class='av-catalogue-title'>Constituci\u00f3n de empresa<\/div><div class='av-catalogue-price'><\/div><\/div><div class=\"av-catalogue-content\"><\/div><\/div><\/a><\/li>\n<\/ul><\/div><\/div><div  class='flex_column av-430a-5fff272dc51e5830082078ad012a7dfd av_one_half  avia-builder-el-21  el_after_av_one_half  el_before_av_one_full  flex_column_div  column-top-margin'     ><p><section  class='av_textblock_section av-lyzyla0s-d1144ecb6f4137ccef2ebe17f43da178 '   itemscope=\"itemscope\" itemtype=\"https:\/\/schema.org\/CreativeWork\" ><div class='avia_textblock'  itemprop=\"text\" ><div class=\"leaflet-map WPLeafletMap\" style=\"height:250px; width:100%;\"><\/div><script>\nwindow.WPLeafletMapPlugin = window.WPLeafletMapPlugin || [];\nwindow.WPLeafletMapPlugin.push(function WPLeafletMapShortcode() {\/*<script>*\/\nvar baseUrl = atob('aHR0cHM6Ly90aWxlLm9wZW5zdHJlZXRtYXAub3JnL3t6fS97eH0ve3l9LnBuZw==');\nvar base = (!baseUrl && window.MQ) ?\n    window.MQ.mapLayer() : L.tileLayer(baseUrl,\n        L.Util.extend({}, {\n            detectRetina: 0,\n        },\n        {\"subdomains\":\"abc\",\"noWrap\":false,\"maxZoom\":19}        )\n    );\n    var options = L.Util.extend({}, {\n        layers: [base],\n        attributionControl: false\n    },\n    {\"zoomControl\":false,\"scrollWheelZoom\":false,\"doubleClickZoom\":false,\"fitBounds\":false,\"minZoom\":0,\"maxZoom\":19,\"maxBounds\":null,\"attribution\":\"<a href=\\\"http:\\\/\\\/leafletjs.com\\\" title=\\\"Una biblioteca JS para mapas interactivos\\\">Leaflet<\\\/a>; \\u00a9 <a href=\\\"http:\\\/\\\/www.openstreetmap.org\\\/copyright\\\">OpenStreetMap<\\\/a> colaboradores\"},\n    {});\nwindow.WPLeafletMapPlugin.createMap(options).setView([41.123202519763,1.2410151958466],16);});<\/script>\n<script>\nwindow.WPLeafletMapPlugin = window.WPLeafletMapPlugin || [];\nwindow.WPLeafletMapPlugin.push(function WPLeafletMarkerShortcode() {\/*<script>*\/\nvar map = window.WPLeafletMapPlugin.getCurrentMap();\nvar group = window.WPLeafletMapPlugin.getCurrentGroup();\nvar marker_options = window.WPLeafletMapPlugin.getIconOptions({});\nvar marker = L.marker(\n    [41.122758052976,1.2398833036423],\n    marker_options\n);\nvar is_image = map.is_image_map;\nif (marker_options.draggable) {\n    marker.on('dragend', function () {\n        var latlng = this.getLatLng();\n        var lat = latlng.lat;\n        var lng = latlng.lng;\n        if (is_image) {\n            console.log('leaflet-marker y=' + lat + ' x=' + lng);\n        } else {\n            console.log('leaflet-marker lat=' + lat + ' lng=' + lng);\n        }\n    });\n}\nmarker.addTo( group );\nwindow.WPLeafletMapPlugin.markers.push( marker );\n        });<\/script>\n<\/div><\/section><br \/>\n<section  class='av_textblock_section av-lz13h8qe-e33cf6bfbd643d4d8d821b79ea6adf9b '   itemscope=\"itemscope\" itemtype=\"https:\/\/schema.org\/CreativeWork\" ><div class='avia_textblock'  itemprop=\"text\" ><p class=\"local\">Calle Maci\u00e0 Mallol i Bosch, n\u00famero 5-B; 43005 Tarragona (Espa\u00f1a)<br \/>\nTel\u00e9fono +34.977.243.021<\/p>\n<\/div><\/section><\/p><\/div><\/p>\n<div  class='flex_column av-blyq-b5d842189c2aef0dc73d2667d1aec0e7 av_one_full  avia-builder-el-24  el_after_av_one_half  el_before_av_one_half  first flex_column_div  column-top-margin'     ><style type=\"text\/css\" data-created_by=\"avia_inline_auto\" id=\"style-css-av-lz150ris-2c1f0c55e478801f4827fdd0784cf5c0\">\n#top .av-special-heading.av-lz150ris-2c1f0c55e478801f4827fdd0784cf5c0{\npadding-bottom:10px;\n}\nbody .av-special-heading.av-lz150ris-2c1f0c55e478801f4827fdd0784cf5c0 .av-special-heading-tag .heading-char{\nfont-size:25px;\n}\n.av-special-heading.av-lz150ris-2c1f0c55e478801f4827fdd0784cf5c0 .av-subheading{\nfont-size:15px;\n}\n<\/style>\n<div  class='av-special-heading av-lz150ris-2c1f0c55e478801f4827fdd0784cf5c0 av-special-heading-h3  avia-builder-el-25  avia-builder-el-no-sibling '><h3 class='av-special-heading-tag '  itemprop=\"headline\"  >Conozca m\u00e1s sobre nosotros<\/h3><div class=\"special-heading-border\"><div class=\"special-heading-inner-border\"><\/div><\/div><\/div><\/div>\n<div  class='flex_column av-wnm-95f334ee33f66f40a2130627f6ba9494 av_one_half  avia-builder-el-26  el_after_av_one_full  el_before_av_one_half  first flex_column_div  column-top-margin'     ><div  class='avia-icon-list-container av-lz154ud8-bf6b9e0516f42a0a682c72d993e6db3e  avia-builder-el-27  avia-builder-el-no-sibling '><ul class='avia-icon-list avia_animate_when_almost_visible avia-icon-list-left av-iconlist-big av-lz154ud8-bf6b9e0516f42a0a682c72d993e6db3e avia-iconlist-animate'>\n<li><div class='iconlist_icon av-lz154s8w-d626ba976cd498b2865947e8472f0b63 avia-font-entypo-fontello'><span class='iconlist-char' aria-hidden='true' data-av_icon='\ue8bd' data-av_iconfont='entypo-fontello'><\/span><\/div><article class=\"article-icon-entry av-iconlist-empty\"  itemscope=\"itemscope\" itemtype=\"https:\/\/schema.org\/CreativeWork\" ><div class=\"iconlist_content_wrap\"><header class=\"entry-content-header\"><h4 class='av_iconlist_title iconlist_title  '  itemprop=\"headline\" ><a href='https:\/\/blog.tarracoiuris.com\/es' title='Blog corporativo en castellano'>Blog corporativo en castellano<\/a><\/h4><\/header><div class='iconlist_content '  itemprop=\"text\" ><\/div><\/div><footer class=\"entry-footer\"><\/footer><\/article><div class=\"iconlist-timeline\"><\/div><\/li>\n<li><div class='iconlist_icon av-lz154s8w-7-69e668a6ff7849d658f73fc248a5f380 avia-font-entypo-fontello'><span class='iconlist-char' aria-hidden='true' data-av_icon='\ue8bd' data-av_iconfont='entypo-fontello'><\/span><\/div><article class=\"article-icon-entry av-iconlist-empty\"  itemscope=\"itemscope\" itemtype=\"https:\/\/schema.org\/CreativeWork\" ><div class=\"iconlist_content_wrap\"><header class=\"entry-content-header\"><h4 class='av_iconlist_title iconlist_title  '  itemprop=\"headline\" ><a href='https:\/\/blog.tarracoiuris.com\/en' title='Blog corporativo en ingl\u00e9s'>Blog corporativo en ingl\u00e9s<\/a><\/h4><\/header><div class='iconlist_content '  itemprop=\"text\" ><\/div><\/div><footer class=\"entry-footer\"><\/footer><\/article><div class=\"iconlist-timeline\"><\/div><\/li>\n<li><div class='iconlist_icon av-lz154s8w-6-52dc98143fc8717a4e0544c13011231b avia-font-entypo-fontello'><span class='iconlist-char' aria-hidden='true' data-av_icon='\ue8bd' data-av_iconfont='entypo-fontello'><\/span><\/div><article class=\"article-icon-entry av-iconlist-empty\"  itemscope=\"itemscope\" itemtype=\"https:\/\/schema.org\/CreativeWork\" ><div class=\"iconlist_content_wrap\"><header class=\"entry-content-header\"><h4 class='av_iconlist_title iconlist_title  '  itemprop=\"headline\" ><a href='https:\/\/blog.tarracoiuris.com\/fr' title='Blog corporativo en franc\u00e9s'>Blog corporativo en franc\u00e9s<\/a><\/h4><\/header><div class='iconlist_content '  itemprop=\"text\" ><\/div><\/div><footer class=\"entry-footer\"><\/footer><\/article><div class=\"iconlist-timeline\"><\/div><\/li>\n<\/ul><\/div><\/div>\n<div  class='flex_column av-6yp2-7a0cd7e9935bb87a266a9e3ba8c61cbf av_one_half  avia-builder-el-28  el_after_av_one_half  avia-builder-el-last  flex_column_div  column-top-margin'     ><div  class='avia-icon-list-container av-lz16acc1-0dd24170a7719f37b94825fa4d2d2607  avia-builder-el-29  avia-builder-el-no-sibling '><ul class='avia-icon-list avia_animate_when_almost_visible avia-icon-list-left av-iconlist-big av-lz16acc1-0dd24170a7719f37b94825fa4d2d2607 avia-iconlist-animate'>\n<li><div class='iconlist_icon av-5eqw-d96fc7c2747924fe8aa3f5b87f8944d6 avia-font-entypo-fontello'><span class='iconlist-char' aria-hidden='true' data-av_icon='\ue8bd' data-av_iconfont='entypo-fontello'><\/span><\/div><article class=\"article-icon-entry av-iconlist-empty\"  itemscope=\"itemscope\" itemtype=\"https:\/\/schema.org\/CreativeWork\" ><div class=\"iconlist_content_wrap\"><header class=\"entry-content-header\"><h4 class='av_iconlist_title iconlist_title  '  itemprop=\"headline\" ><a href='https:\/\/blog.tarracoiuris.com\/de' title='Blog corporativo en alem\u00e1n'>Blog corporativo en alem\u00e1n<\/a><\/h4><\/header><div class='iconlist_content '  itemprop=\"text\" ><\/div><\/div><footer class=\"entry-footer\"><\/footer><\/article><div class=\"iconlist-timeline\"><\/div><\/li>\n<li><div class='iconlist_icon av-354k-b83f8a68cb3f4861d4b5f5a5d0e258c2 avia-font-entypo-fontello'><span class='iconlist-char' aria-hidden='true' data-av_icon='\ue8bd' data-av_iconfont='entypo-fontello'><\/span><\/div><article class=\"article-icon-entry av-iconlist-empty\"  itemscope=\"itemscope\" itemtype=\"https:\/\/schema.org\/CreativeWork\" ><div class=\"iconlist_content_wrap\"><header class=\"entry-content-header\"><h4 class='av_iconlist_title iconlist_title  '  itemprop=\"headline\" ><a href='https:\/\/blog.tarracoiuris.com\/ru' title='Blog corporativo en ruso'>Blog corporativo en ruso<\/a><\/h4><\/header><div class='iconlist_content '  itemprop=\"text\" ><\/div><\/div><footer class=\"entry-footer\"><\/footer><\/article><div class=\"iconlist-timeline\"><\/div><\/li>\n<\/ul><\/div><\/div>\n","protected":false},"excerpt":{"rendered":"","protected":false},"author":1,"featured_media":0,"parent":0,"menu_order":0,"comment_status":"closed","ping_status":"open","template":"","meta":{"footnotes":""},"class_list":["post-2","page","type-page","status-publish","hentry"],"_links":{"self":[{"href":"https:\/\/tarracoiuris.com\/es\/wp-json\/wp\/v2\/pages\/2","targetHints":{"allow":["GET"]}}],"collection":[{"href":"https:\/\/tarracoiuris.com\/es\/wp-json\/wp\/v2\/pages"}],"about":[{"href":"https:\/\/tarracoiuris.com\/es\/wp-json\/wp\/v2\/types\/page"}],"author":[{"embeddable":true,"href":"https:\/\/tarracoiuris.com\/es\/wp-json\/wp\/v2\/users\/1"}],"replies":[{"embeddable":true,"href":"https:\/\/tarracoiuris.com\/es\/wp-json\/wp\/v2\/comments?post=2"}],"version-history":[{"count":82,"href":"https:\/\/tarracoiuris.com\/es\/wp-json\/wp\/v2\/pages\/2\/revisions"}],"predecessor-version":[{"id":522,"href":"https:\/\/tarracoiuris.com\/es\/wp-json\/wp\/v2\/pages\/2\/revisions\/522"}],"wp:attachment":[{"href":"https:\/\/tarracoiuris.com\/es\/wp-json\/wp\/v2\/media?parent=2"}],"curies":[{"name":"wp","href":"https:\/\/api.w.org\/{rel}","templated":true}]}}